{"id":2,"date":"2012-12-20T21:03:49","date_gmt":"2012-12-20T21:03:49","guid":{"rendered":"http:\/\/127.0.0.1\/coasign\/?page_id=2"},"modified":"2026-04-22T18:57:06","modified_gmt":"2026-04-22T17:57:06","slug":"section","status":"publish","type":"page","link":"https:\/\/www.coasign.fr\/","title":{"rendered":"Bienvenue sur le site de la section CO de l&rsquo;AS IGN"},"content":{"rendered":"<p class=\"annonce\" style=\"text-align: center;\"><a href=\"https:\/\/www.coasign.fr\/?p=12725\">ORGANISATION CO SCORE URBAINE<br \/>A NOISY-LE-GRAND (93) LE 14\/06\/2026<\/a><\/p>\n<div class=\"grid1\">\n<div class=\"bloc\">\n<p>L\u2019Association Sportive de l\u2019Institut national de l\u2019information g\u00e9ographique et foresti\u00e8re (AS IGN) a pour objet le d\u00e9veloppement d\u2019activit\u00e9s sportives \u00e0 destination des agents de l\u2019IGN. Par son caract\u00e8re pluridisciplinaire, l\u2019AS IGN, organis\u00e9e en sections, permet de go\u00fbter \u00e0 de nombreuses activit\u00e9s aussi bien dans le domaine du loisir que dans celui de la comp\u00e9tition. La section Course d&rsquo;Orientation accepte des membres ext\u00e9rieurs \u00e0 l&rsquo;IGN afin de pouvoir participer aux grandes comp\u00e9titions nationales en relais et de proposer des organisations sportives de grande qualit\u00e9. La CO est notre sport, essayons de vous donner envie de nous rejoindre.<\/p>\n<\/div>\n<\/div>\n\n\n<p><\/p>\n","protected":false},"excerpt":{"rendered":"<p>ORGANISATION CO SCORE URBAINEA NOISY-LE-GRAND (93) LE 14\/06\/2026 L\u2019Association Sportive de l\u2019Institut national de l\u2019information g\u00e9ographique et foresti\u00e8re (AS IGN) a pour objet le d\u00e9veloppement d\u2019activit\u00e9s sportives \u00e0 destination des agents de l\u2019IGN. Par son caract\u00e8re pluridisciplinaire, l\u2019AS IGN, organis\u00e9e en sections, permet de go\u00fbter \u00e0 de nombreuses activit\u00e9s aussi bien dans le domaine du [&hellip;]<\/p>\n","protected":false},"author":1,"featured_media":0,"parent":0,"menu_order":0,"comment_status":"closed","ping_status":"open","template":"","meta":{"footnotes":""},"class_list":["post-2","page","type-page","status-publish","hentry","has-post-title","has-post-date","has-post-category","has-post-tag","has-post-comment","has-post-author",""],"_links":{"self":[{"href":"https:\/\/www.coasign.fr\/index.php?rest_route=\/wp\/v2\/pages\/2","targetHints":{"allow":["GET"]}}],"collection":[{"href":"https:\/\/www.coasign.fr\/index.php?rest_route=\/wp\/v2\/pages"}],"about":[{"href":"https:\/\/www.coasign.fr\/index.php?rest_route=\/wp\/v2\/types\/page"}],"author":[{"embeddable":true,"href":"https:\/\/www.coasign.fr\/index.php?rest_route=\/wp\/v2\/users\/1"}],"replies":[{"embeddable":true,"href":"https:\/\/www.coasign.fr\/index.php?rest_route=%2Fwp%2Fv2%2Fcomments&post=2"}],"version-history":[{"count":372,"href":"https:\/\/www.coasign.fr\/index.php?rest_route=\/wp\/v2\/pages\/2\/revisions"}],"predecessor-version":[{"id":12804,"href":"https:\/\/www.coasign.fr\/index.php?rest_route=\/wp\/v2\/pages\/2\/revisions\/12804"}],"wp:attachment":[{"href":"https:\/\/www.coasign.fr\/index.php?rest_route=%2Fwp%2Fv2%2Fmedia&parent=2"}],"curies":[{"name":"wp","href":"https:\/\/api.w.org\/{rel}","templated":true}]}}